{"id":221,"date":"2019-07-23T12:39:32","date_gmt":"2019-07-23T09:39:32","guid":{"rendered":"http:\/\/www.dndmimarlik.com\/?page_id=221"},"modified":"2019-10-23T14:06:27","modified_gmt":"2019-10-23T11:06:27","slug":"projeler","status":"publish","type":"page","link":"https:\/\/www.dndmimarlik.com\/index.php\/projeler\/","title":{"rendered":"PROJELER"},"content":{"rendered":"<h5 style=\"text-align: left;\">BURSA_\u00c7AMLICA_ONA RES\u0130DENCE PRJ<\/h5>\n<p style=\"text-align: center;\">[envira-gallery id=&#8221;612&#8243;]<\/p>\n<h5 style=\"text-align: left;\">BURSA_N\u0130L\u00dcFER_AKASYA S\u0130TES\u0130 KENT. D\u00d6N\u00dc\u015e\u00dcM PRJ<\/h5>\n<p style=\"text-align: center;\">[envira-gallery id=&#8221;615&#8243;]<\/p>\n<h5 style=\"text-align: left;\">BURSA_N\u0130L\u00dcFER_ONA 191<\/h5>\n<p style=\"text-align: center;\">[envira-gallery id=&#8221;741&#8243;]<\/p>\n<h5 style=\"text-align: left;\">BURSA_N\u0130L\u00dcFER_SEYMEN EV\u0130<\/h5>\n<p style=\"text-align: center;\">[envira-gallery id=&#8221;618&#8243;]<\/p>\n<h5 style=\"text-align: left;\">BURSA_N\u0130L\u00dcFER_YET\u0130\u015e\u0130RO\u011eULLARI EV\u0130<\/h5>\n<p style=\"text-align: center;\">[envira-gallery id=&#8221;628&#8243;]<\/p>\n<h5 style=\"text-align: left;\">BURSA_KESTEL_BALKAN EV\u0130<\/h5>\n<p style=\"text-align: center;\">[envira-gallery id=&#8221;621&#8243;]<\/p>\n<h5>BURSA_OSMANGAZ\u0130_HAL\u0130S PLAZA<\/h5>\n<p style=\"text-align: center;\">[envira-gallery id=&#8221;748&#8243;]<\/p>\n<h5 style=\"text-align: left;\">BURSA_N\u0130L\u00dcFER_ONA 182<\/h5>\n<p style=\"text-align: center;\"><code id=\"envira_shortcode_752\">[envira-gallery id=\"752\"]<\/code><\/p>\n<h5 style=\"text-align: left;\">BURSA_N\u0130L\u00dcFER_ONA 171<\/h5>\n<p style=\"text-align: center;\">[envira-gallery id=&#8221;396&#8243;]<\/p>\n<h5 style=\"text-align: left;\">BURSA_N\u0130L\u00dcFER_THE PASSPORT HOTEL<\/h5>\n<p style=\"text-align: center;\"><code id=\"envira_shortcode_id_756\">[envira-gallery id=\"756\"]<\/code><\/p>\n<h5 style=\"text-align: left;\">BURSA_\u0130NEG\u00d6L_EVA 231<\/h5>\n<p style=\"text-align: center;\">[envira-gallery id=&#8221;624&#8243;]<\/p>\n<h5 style=\"text-align: left;\">BURSA_N\u0130L\u00dcFER_\u015eAH\u0130NTER EV\u0130<\/h5>\n<p style=\"text-align: center;\"><code id=\"envira_shortcode_id_765\">[envira-gallery id=\"765\"]<br \/>\n<\/code><\/p>\n<h5 style=\"text-align: left;\">BURSA_N\u0130L\u00dcFER_BAYRAKTAR EV\u0130<\/h5>\n<p style=\"text-align: center;\"><code id=\"envira_shortcode_id_769\">[envira-gallery id=\"769\"]<\/code><\/p>\n<h5 style=\"text-align: left;\">BURSA_N\u0130L\u00dcFER_TKG OTOMOT\u0130V<\/h5>\n<p style=\"text-align: center;\"><code id=\"envira_shortcode_id_773\">[envira-gallery id=\"773\"]<\/code><\/p>\n<h5 style=\"text-align: left;\">BURSA_N\u0130L\u00dcFER_ONA 162<\/h5>\n<p style=\"text-align: center;\"><code id=\"envira_shortcode_id_777\">[envira-gallery id=\"777\"]<\/code><\/p>\n<h5 style=\"text-align: left;\">BURSA_N\u0130L\u00dcFER_ONA 161<\/h5>\n<p style=\"text-align: center;\"><code id=\"envira_shortcode_id_777\">[envira-gallery id=\"781\"]<\/code><\/p>\n<h5 style=\"text-align: left;\">BURSA_N\u0130L\u00dcFER_DA\u011eLIO\u011eLU<\/h5>\n<p style=\"text-align: center;\"><code id=\"envira_shortcode_id_791\">[envira-gallery id=\"791\"]<\/code><\/p>\n<h5 style=\"text-align: left;\">BURSA_OSMANGAZ\u0130_ERY\u0130\u011e\u0130T TRAKT\u00d6R<\/h5>\n<p style=\"text-align: center;\">[envira-gallery id=&#8221;796&#8243;]<\/p>\n<h5 style=\"text-align: left;\">BURSA_N\u0130L\u00dcFER_ALPASLANLAR \u0130\u015e MERKEZ\u0130<\/h5>\n<p style=\"text-align: center;\">[envira-gallery id=&#8221;800&#8243;]<\/p>\n<h5 style=\"text-align: left;\">BURSA_N\u0130L\u00dcFER_TORUN APARTMANI<\/h5>\n<p style=\"text-align: center;\"><code id=\"envira_shortcode_id_804\">[envira-gallery id=\"804\"]<\/code><\/p>\n<h5 style=\"text-align: left;\">ABUDAB\u0130_V\u0130LLA PROJES\u0130<\/h5>\n<p style=\"text-align: center;\"><code id=\"envira_shortcode_id_807\">[envira-gallery id=\"807\"]<\/code><\/p>\n<h5 style=\"text-align: left;\">BURSA_YEN\u0130\u015eEH\u0130R_SEBZE HAL\u0130<\/h5>\n<p style=\"text-align: center;\"><code id=\"envira_shortcode_id_812\">[envira-gallery id=\"812\"]<\/code><\/p>\n<h5 style=\"text-align: left;\">BURSA_OSMANGAZ\u0130_YILDIRIM KONAKLARI<\/h5>\n<p style=\"text-align: center;\">[envira-gallery id=&#8221;817&#8243;]<\/p>\n<h5 style=\"text-align: left;\">BURSA_N\u0130L\u00dcFER_DA\u011eLIO\u011eLU GENEL MRKZ.<\/h5>\n<p style=\"text-align: center;\"><code id=\"envira_shortcode_id_823\">[envira-gallery id=\"823\"]<\/code><\/p>\n<p>&nbsp;<\/p>\n<p>&nbsp;<\/p>\n<p>&nbsp;<\/p>\n<p>&nbsp;<\/p>\n<p>&nbsp;<\/p>\n<p style=\"text-align: center;\">\n","protected":false},"excerpt":{"rendered":"<p>BURSA_\u00c7AMLICA_ONA RES\u0130DENCE PRJ [envira-gallery id=&#8221;612&#8243;] BURSA_N\u0130L\u00dcFER_AKASYA S\u0130TES\u0130 KENT. D\u00d6N\u00dc\u015e\u00dcM PRJ [envira-gallery id=&#8221;615&#8243;] BURSA_N\u0130L\u00dcFER_ONA 191 [envira-gallery id=&#8221;741&#8243;] BURSA_N\u0130L\u00dcFER_SEYMEN EV\u0130 [envira-gallery id=&#8221;618&#8243;] BURSA_N\u0130L\u00dcFER_YET\u0130\u015e\u0130RO\u011eULLARI EV\u0130 [envira-gallery id=&#8221;628&#8243;] BURSA_KESTEL_BALKAN EV\u0130 [envira-gallery id=&#8221;621&#8243;] BURSA_OSMANGAZ\u0130_HAL\u0130S PLAZA [envira-gallery id=&#8221;748&#8243;] BURSA_N\u0130L\u00dcFER_ONA 182 [envira-gallery id=&#8221;752&#8243;] BURSA_N\u0130L\u00dcFER_ONA 171 [envira-gallery id=&#8221;396&#8243;] BURSA_N\u0130L\u00dcFER_THE PASSPORT HOTEL [envira-gallery id=&#8221;756&#8243;] [&hellip;]<\/p>\n","protected":false},"author":1,"featured_media":0,"parent":0,"menu_order":0,"comment_status":"closed","ping_status":"closed","template":"elementor_header_footer","meta":{"footnotes":""},"class_list":["post-221","page","type-page","status-publish","hentry"],"_links":{"self":[{"href":"https:\/\/www.dndmimarlik.com\/index.php\/wp-json\/wp\/v2\/pages\/221","targetHints":{"allow":["GET"]}}],"collection":[{"href":"https:\/\/www.dndmimarlik.com\/index.php\/wp-json\/wp\/v2\/pages"}],"about":[{"href":"https:\/\/www.dndmimarlik.com\/index.php\/wp-json\/wp\/v2\/types\/page"}],"author":[{"embeddable":true,"href":"https:\/\/www.dndmimarlik.com\/index.php\/wp-json\/wp\/v2\/users\/1"}],"replies":[{"embeddable":true,"href":"https:\/\/www.dndmimarlik.com\/index.php\/wp-json\/wp\/v2\/comments?post=221"}],"version-history":[{"count":0,"href":"https:\/\/www.dndmimarlik.com\/index.php\/wp-json\/wp\/v2\/pages\/221\/revisions"}],"wp:attachment":[{"href":"https:\/\/www.dndmimarlik.com\/index.php\/wp-json\/wp\/v2\/media?parent=221"}],"curies":[{"name":"wp","href":"https:\/\/api.w.org\/{rel}","templated":true}]}}