{"id":3976,"date":"2016-06-20T12:13:13","date_gmt":"2016-06-20T12:13:13","guid":{"rendered":"http:\/\/assemble.edge-themes.com\/?page_id=742"},"modified":"2023-07-28T09:12:18","modified_gmt":"2023-07-28T06:12:18","slug":"iletisim","status":"publish","type":"page","link":"https:\/\/www.dndmimarlik.com\/index.php\/iletisim\/","title":{"rendered":"\u0130leti\u015fim"},"content":{"rendered":"<p>[vc_row content_text_aligment=&#8221;&#8221; use_row_as_full_screen_section=&#8221;no&#8221; css=&#8221;.vc_custom_1467894012769{padding-top: 62px !important;padding-bottom: 73px !important;}&#8221;][vc_column][vc_row_inner row_content_width=&#8221;grid&#8221; content_text_aligment=&#8221;&#8221; css=&#8221;.vc_custom_1466604926171{margin-right: -20px !important;margin-left: -20px !important;}&#8221;][vc_column_inner css=&#8221;.vc_custom_1466605164133{padding-right: 20px !important;padding-left: 20px !important;}&#8221; offset=&#8221;vc_col-lg-6 vc_col-md-12&#8243;][vc_column_text]<\/p>\n<h3>Bize Ula\u015f\u0131n<\/h3>\n<p>[\/vc_column_text][vc_empty_space height=&#8221;44&#8243;][vc_gmaps link=&#8221;#E-8_JTNDaWZyYW1lJTIwc3JjJTNEJTIyaHR0cHMlM0ElMkYlMkZ3d3cuZ29vZ2xlLmNvbSUyRm1hcHMlMkZlbWJlZCUzRnBiJTNEJTIxMW0xOCUyMTFtMTIlMjExbTMlMjExZDMwNDYuMzc5MTkxODM0MTQ3JTIxMmQyOC45OTExMzEyMTU2NDQ2MjUlMjEzZDQwLjIyMjg3MDQ3NTMzMDIxJTIxMm0zJTIxMWYwJTIxMmYwJTIxM2YwJTIxM20yJTIxMWkxMDI0JTIxMmk3NjglMjE0ZjEzLjElMjEzbTMlMjExbTIlMjExczB4MTRjYTE0MzY3ZWFlNDg0ZCUyNTNBMHg4MzQ2YTkyZWQ5ODA1MDA2JTIxMnNEbmQlMjUyME1pbWFybCUyNUM0JTI1QjFrJTIxNWUwJTIxM20yJTIxMXN0ciUyMTJzdHIlMjE0djE1NzM0NTMxMDI3MTAlMjE1bTIlMjExc3RyJTIxMnN0ciUyMiUyMHdpZHRoJTNEJTIyNjAwJTIyJTIwaGVpZ2h0JTNEJTIyNDUwJTIyJTIwZnJhbWVib3JkZXIlM0QlMjIwJTIyJTIwc3R5bGUlM0QlMjJib3JkZXIlM0EwJTNCJTIyJTIwYWxsb3dmdWxsc2NyZWVuJTNEJTIyJTIyJTNFJTNDJTJGaWZyYW1lJTNF&#8221; size=&#8221;580&#8243;][vc_empty_space height=&#8221;40&#8243;][\/vc_column_inner][vc_column_inner css=&#8221;.vc_custom_1466605172857{padding-right: 20px !important;padding-left: 20px !important;}&#8221; offset=&#8221;vc_col-lg-6 vc_col-md-12&#8243;][vc_empty_space height=&#8221;80&#8243;][vc_separator css=&#8221;.vc_custom_1465893407528{padding-bottom: 4px !important;}&#8221;][vc_column_text]<strong>Adres\u00a0 \u00a0:<\/strong> Esentepe Mh. Okul Cd. Aksel 2 Y\u0131lmaz \u0130\u015fhan\u0131 A Blok D:2 Nil\u00fcfer\/Bursa[\/vc_column_text][vc_separator css=&#8221;.vc_custom_1465893415096{padding-top: 12px !important;padding-bottom: 4px !important;}&#8221;][vc_column_text]<strong>Telefon:<\/strong> +90 (224) 240 11 90<br \/>\n<strong>Cep\u00a0 \u00a0 \u00a0 \u00a0:<\/strong>\u00a0 +90 541 553 91 73[\/vc_column_text][vc_separator css=&#8221;.vc_custom_1465893432968{padding-top: 12px !important;padding-bottom: 4px !important;}&#8221;][vc_column_text]<strong>Fax\u00a0 \u00a0 \u00a0 \u00a0:<\/strong>\u00a0 +90 (224) 240 11 39[\/vc_column_text][vc_separator css=&#8221;.vc_custom_1465893438698{padding-top: 12px !important;padding-bottom: 4px !important;}&#8221;][vc_column_text]<strong>Email\u00a0 \u00a0:<\/strong>\u00a0 info@dndmimarlik.com[\/vc_column_text][vc_separator][vc_empty_space height=&#8221;10&#8243;]\n    <span class=\"edgtf-icon-shortcode normal edgtf-icon-small\"  >\n                    <a itemprop=\"url\" class=\"\" href=\"https:\/\/www.facebook.com\/dndmimarlik\" target=\"_self\">\n        \n        <i class=\"edgtf-icon-font-awesome fa fa-facebook-square edgtf-icon-element\" style=\"\" ><\/i>\n                    <\/a>\n            <\/span>\n\n\n    <span class=\"edgtf-icon-shortcode normal edgtf-icon-small\"  >\n                    <a itemprop=\"url\" class=\"\" href=\"https:\/\/www.instagram.com\/deryakocakdemirtas\/\" target=\"_self\">\n        \n        <i class=\"edgtf-icon-font-awesome fa fa-instagram edgtf-icon-element\" style=\"\" ><\/i>\n                    <\/a>\n            <\/span>\n\n\n    <span class=\"edgtf-icon-shortcode normal edgtf-icon-small\"  >\n        \n        <i class=\"edgtf-icon-font-awesome fa fa-behance-square edgtf-icon-element\" style=\"\" ><\/i>\n            <\/span>\n\n\n    <span class=\"edgtf-icon-shortcode normal edgtf-icon-small\"  >\n                    <a itemprop=\"url\" class=\"\" href=\"https:\/\/www.facebook.com\/dndmimarlik\" target=\"_self\">\n        \n        <i class=\"edgtf-icon-font-awesome fa fa-pinterest-square edgtf-icon-element\" style=\"\" ><\/i>\n                    <\/a>\n            <\/span>\n\n[vc_separator css=&#8221;.vc_custom_1465893442947{padding-top: 12px !important;}&#8221;][\/vc_column_inner][\/vc_row_inner][\/vc_column][\/vc_row]<\/p>\n","protected":false},"excerpt":{"rendered":"<p>[vc_row content_text_aligment=&#8221;&#8221; use_row_as_full_screen_section=&#8221;no&#8221; css=&#8221;.vc_custom_1467894012769{padding-top: 62px !important;padding-bottom: 73px !important;}&#8221;][vc_column][vc_row_inner row_content_width=&#8221;grid&#8221; content_text_aligment=&#8221;&#8221; css=&#8221;.vc_custom_1466604926171{margin-right: -20px !important;margin-left: -20px !important;}&#8221;][vc_column_inner css=&#8221;.vc_custom_1466605164133{padding-right: 20px !important;padding-left: 20px !important;}&#8221; offset=&#8221;vc_col-lg-6 vc_col-md-12&#8243;][vc_column_text] Bize Ula\u015f\u0131n [\/vc_column_text][vc_empty_space height=&#8221;44&#8243;][vc_gmaps link=&#8221;#E-8_JTNDaWZyYW1lJTIwc3JjJTNEJTIyaHR0cHMlM0ElMkYlMkZ3d3cuZ29vZ2xlLmNvbSUyRm1hcHMlMkZlbWJlZCUzRnBiJTNEJTIxMW0xOCUyMTFtMTIlMjExbTMlMjExZDMwNDYuMzc5MTkxODM0MTQ3JTIxMmQyOC45OTExMzEyMTU2NDQ2MjUlMjEzZDQwLjIyMjg3MDQ3NTMzMDIxJTIxMm0zJTIxMWYwJTIxMmYwJTIxM2YwJTIxM20yJTIxMWkxMDI0JTIxMmk3NjglMjE0ZjEzLjElMjEzbTMlMjExbTIlMjExczB4MTRjYTE0MzY3ZWFlNDg0ZCUyNTNBMHg4MzQ2YTkyZWQ5ODA1MDA2JTIxMnNEbmQlMjUyME1pbWFybCUyNUM0JTI1QjFrJTIxNWUwJTIxM20yJTIxMXN0ciUyMTJzdHIlMjE0djE1NzM0NTMxMDI3MTAlMjE1bTIlMjExc3RyJTIxMnN0ciUyMiUyMHdpZHRoJTNEJTIyNjAwJTIyJTIwaGVpZ2h0JTNEJTIyNDUwJTIyJTIwZnJhbWVib3JkZXIlM0QlMjIwJTIyJTIwc3R5bGUlM0QlMjJib3JkZXIlM0EwJTNCJTIyJTIwYWxsb3dmdWxsc2NyZWVuJTNEJTIyJTIyJTNFJTNDJTJGaWZyYW1lJTNF&#8221; size=&#8221;580&#8243;][vc_empty_space height=&#8221;40&#8243;][\/vc_column_inner][vc_column_inner css=&#8221;.vc_custom_1466605172857{padding-right: 20px !important;padding-left: 20px !important;}&#8221; offset=&#8221;vc_col-lg-6 vc_col-md-12&#8243;][vc_empty_space height=&#8221;80&#8243;][vc_separator css=&#8221;.vc_custom_1465893407528{padding-bottom: 4px !important;}&#8221;][vc_column_text]Adres\u00a0 \u00a0: Esentepe Mh. Okul Cd. [&hellip;]<\/p>\n","protected":false},"author":1,"featured_media":0,"parent":0,"menu_order":0,"comment_status":"closed","ping_status":"closed","template":"full-width.php","meta":{"footnotes":""},"class_list":["post-3976","page","type-page","status-publish","hentry"],"_links":{"self":[{"href":"https:\/\/www.dndmimarlik.com\/index.php\/wp-json\/wp\/v2\/pages\/3976","targetHints":{"allow":["GET"]}}],"collection":[{"href":"https:\/\/www.dndmimarlik.com\/index.php\/wp-json\/wp\/v2\/pages"}],"about":[{"href":"https:\/\/www.dndmimarlik.com\/index.php\/wp-json\/wp\/v2\/types\/page"}],"author":[{"embeddable":true,"href":"https:\/\/www.dndmimarlik.com\/index.php\/wp-json\/wp\/v2\/users\/1"}],"replies":[{"embeddable":true,"href":"https:\/\/www.dndmimarlik.com\/index.php\/wp-json\/wp\/v2\/comments?post=3976"}],"version-history":[{"count":0,"href":"https:\/\/www.dndmimarlik.com\/index.php\/wp-json\/wp\/v2\/pages\/3976\/revisions"}],"wp:attachment":[{"href":"https:\/\/www.dndmimarlik.com\/index.php\/wp-json\/wp\/v2\/media?parent=3976"}],"curies":[{"name":"wp","href":"https:\/\/api.w.org\/{rel}","templated":true}]}}