{"id":5333,"date":"2019-11-06T14:21:05","date_gmt":"2019-11-06T11:21:05","guid":{"rendered":"http:\/\/www.dndmimarlik.com\/?page_id=5333"},"modified":"2024-12-07T15:21:35","modified_gmt":"2024-12-07T12:21:35","slug":"insaat","status":"publish","type":"page","link":"https:\/\/www.dndmimarlik.com\/index.php\/insaat\/","title":{"rendered":"\u0130n\u015faat ve Uygulama"},"content":{"rendered":"<p>[vc_row row_content_width=&#8221;grid&#8221; content_text_aligment=&#8221;&#8221; use_row_as_full_screen_section=&#8221;no&#8221; css=&#8221;.vc_custom_1573282258756{padding-top: 48px !important;padding-bottom: 70px !important;}&#8221;][vc_column]<div class=\"edgtf-portfolio-list-holder edgtf-pl-masonry edgtf-pl-three-columns edgtf-pl-normal-space edgtf-pl-info-on-image-hover edgtf-pl-hover-slide-from-image-bottom\"  data-next-page=\"2\" data-type=\"masonry\" data-number-of-columns=\"3\" data-space-between-items=\"normal\" data-number-of-items=\"8\" data-image-proportions=\"full\" data-category=\"insaat\" data-order-by=\"menu_order\" data-order=\"ASC\" data-info-position=\"on-image-hover\" data-image-hover-type1=\"slide-from-image-bottom\" data-disable-title=\"no\" data-title-tag=\"h5\" data-disable-category=\"yes\" data-disable-excerpt=\"yes\" data-excerpt-length=\"20\" data-show-load-more=\"no\" data-enable-infinite-scroll=\"no\" data-filter=\"no\" data-filter-order-by=\"name\" data-enable-article-animation=\"no\" data-enable-variable-width=\"no\" data-pagination=\"yes\" data-max-num-pages=\"2\"><div class=\"edgtf-pl-inner clearfix\"><div class=\"edgtf-pl-grid-sizer\"><\/div><div class=\"edgtf-pl-grid-gutter\"><\/div><article class=\"edgtf-pl-item  post-7062 portfolio-item type-portfolio-item status-publish has-post-thumbnail hentry portfolio-category-insaat\">\n\t<div class=\"edgtf-pl-item-inner\">\n\t\t<div class=\"edgtf-pli-image\">\n\t\t\t\t\t\t\t<img loading=\"lazy\" decoding=\"async\" width=\"2048\" height=\"2560\" data-src=\"https:\/\/www.dndmimarlik.com\/wp-content\/uploads\/2024\/04\/0-35.jpg\" class=\"attachment-full size-full wp-post-image lazyload\" alt=\"\" data-srcset=\"https:\/\/www.dndmimarlik.com\/wp-content\/uploads\/2024\/04\/0-35.jpg 2048w, https:\/\/www.dndmimarlik.com\/wp-content\/uploads\/2024\/04\/0-35-240x300.jpg 240w, https:\/\/www.dndmimarlik.com\/wp-content\/uploads\/2024\/04\/0-35-819x1024.jpg 819w, https:\/\/www.dndmimarlik.com\/wp-content\/uploads\/2024\/04\/0-35-768x960.jpg 768w, https:\/\/www.dndmimarlik.com\/wp-content\/uploads\/2024\/04\/0-35-1229x1536.jpg 1229w, https:\/\/www.dndmimarlik.com\/wp-content\/uploads\/2024\/04\/0-35-1638x2048.jpg 1638w, https:\/\/www.dndmimarlik.com\/wp-content\/uploads\/2024\/04\/0-35-600x750.jpg 600w\" data-sizes=\"auto, (max-width: 2048px) 100vw, 2048px\" src=\"data:image\/gif;base64,R0lGODlhAQABAAAAACH5BAEKAAEALAAAAAABAAEAAAICTAEAOw==\" style=\"--smush-placeholder-width: 2048px; --smush-placeholder-aspect-ratio: 2048\/2560;\" \/><noscript><img loading=\"lazy\" decoding=\"async\" width=\"2048\" height=\"2560\" src=\"https:\/\/www.dndmimarlik.com\/wp-content\/uploads\/2024\/04\/0-35.jpg\" class=\"attachment-full size-full wp-post-image\" alt=\"\" srcset=\"https:\/\/www.dndmimarlik.com\/wp-content\/uploads\/2024\/04\/0-35.jpg 2048w, https:\/\/www.dndmimarlik.com\/wp-content\/uploads\/2024\/04\/0-35-240x300.jpg 240w, https:\/\/www.dndmimarlik.com\/wp-content\/uploads\/2024\/04\/0-35-819x1024.jpg 819w, https:\/\/www.dndmimarlik.com\/wp-content\/uploads\/2024\/04\/0-35-768x960.jpg 768w, https:\/\/www.dndmimarlik.com\/wp-content\/uploads\/2024\/04\/0-35-1229x1536.jpg 1229w, https:\/\/www.dndmimarlik.com\/wp-content\/uploads\/2024\/04\/0-35-1638x2048.jpg 1638w, https:\/\/www.dndmimarlik.com\/wp-content\/uploads\/2024\/04\/0-35-600x750.jpg 600w\" sizes=\"auto, (max-width: 2048px) 100vw, 2048px\" \/><\/noscript>\t\t\t\t\t\t\t\t\t<\/div>\n\t\t\t\t\t<div class=\"edgtf-pli-text-holder\" >\n\t\t\t\t<div class=\"edgtf-pli-text-wrapper\">\n\t\t\t\t\t<div class=\"edgtf-pli-text\" >\n\t\t\t\t\t\t\t\t\t\t\t\t\t\t\t\t\t\t\t<h5 itemprop=\"name\" class=\"edgtf-pli-title entry-title\" >\n\t\t\t\t\t\t\t\t\u0130ZM\u0130R &#8211; HOSER OTO SERV\u0130S\t\t\t\t\t\t\t<\/h5>\n\t\t\t\t\t\t\n\t\t\t\t\t\t\t\t\t\t\t\n\t\t\t\t\t\t\t\t\t\t\t\t\t\t\t\t\t<\/div>\n\t\t\t\t<\/div>\n\t\t\t<\/div>\n\t\t\t\t<a itemprop=\"url\" class=\"edgtf-pli-link\" href=\"https:\/\/www.dndmimarlik.com\/index.php\/portfolio-item\/izmir-hoser-oto-servis\/\" target=\"_self\"><\/a>\n\t<\/div>\n<\/article><article class=\"edgtf-pl-item  post-5881 portfolio-item type-portfolio-item status-publish has-post-thumbnail hentry portfolio-category-insaat\">\n\t<div class=\"edgtf-pl-item-inner\">\n\t\t<div class=\"edgtf-pli-image\">\n\t\t\t\t\t\t\t<img loading=\"lazy\" decoding=\"async\" width=\"3156\" height=\"3944\" data-src=\"https:\/\/www.dndmimarlik.com\/wp-content\/uploads\/2019\/11\/ALKA-EVLER\u0130-HEADER2.jpg\" class=\"attachment-full size-full wp-post-image lazyload\" alt=\"\" data-srcset=\"https:\/\/www.dndmimarlik.com\/wp-content\/uploads\/2019\/11\/ALKA-EVLER\u0130-HEADER2.jpg 3156w, https:\/\/www.dndmimarlik.com\/wp-content\/uploads\/2019\/11\/ALKA-EVLER\u0130-HEADER2-240x300.jpg 240w, https:\/\/www.dndmimarlik.com\/wp-content\/uploads\/2019\/11\/ALKA-EVLER\u0130-HEADER2-768x960.jpg 768w, https:\/\/www.dndmimarlik.com\/wp-content\/uploads\/2019\/11\/ALKA-EVLER\u0130-HEADER2-819x1024.jpg 819w, https:\/\/www.dndmimarlik.com\/wp-content\/uploads\/2019\/11\/ALKA-EVLER\u0130-HEADER2-600x750.jpg 600w\" data-sizes=\"auto, (max-width: 3156px) 100vw, 3156px\" src=\"data:image\/gif;base64,R0lGODlhAQABAAAAACH5BAEKAAEALAAAAAABAAEAAAICTAEAOw==\" style=\"--smush-placeholder-width: 3156px; --smush-placeholder-aspect-ratio: 3156\/3944;\" \/><noscript><img loading=\"lazy\" decoding=\"async\" width=\"3156\" height=\"3944\" src=\"https:\/\/www.dndmimarlik.com\/wp-content\/uploads\/2019\/11\/ALKA-EVLER\u0130-HEADER2.jpg\" class=\"attachment-full size-full wp-post-image\" alt=\"\" srcset=\"https:\/\/www.dndmimarlik.com\/wp-content\/uploads\/2019\/11\/ALKA-EVLER\u0130-HEADER2.jpg 3156w, https:\/\/www.dndmimarlik.com\/wp-content\/uploads\/2019\/11\/ALKA-EVLER\u0130-HEADER2-240x300.jpg 240w, https:\/\/www.dndmimarlik.com\/wp-content\/uploads\/2019\/11\/ALKA-EVLER\u0130-HEADER2-768x960.jpg 768w, https:\/\/www.dndmimarlik.com\/wp-content\/uploads\/2019\/11\/ALKA-EVLER\u0130-HEADER2-819x1024.jpg 819w, https:\/\/www.dndmimarlik.com\/wp-content\/uploads\/2019\/11\/ALKA-EVLER\u0130-HEADER2-600x750.jpg 600w\" sizes=\"auto, (max-width: 3156px) 100vw, 3156px\" \/><\/noscript>\t\t\t\t\t\t\t\t\t<\/div>\n\t\t\t\t\t<div class=\"edgtf-pli-text-holder\" >\n\t\t\t\t<div class=\"edgtf-pli-text-wrapper\">\n\t\t\t\t\t<div class=\"edgtf-pli-text\" >\n\t\t\t\t\t\t\t\t\t\t\t\t\t\t\t\t\t\t\t<h5 itemprop=\"name\" class=\"edgtf-pli-title entry-title\" >\n\t\t\t\t\t\t\t\tALKA EVLER\u0130\t\t\t\t\t\t\t<\/h5>\n\t\t\t\t\t\t\n\t\t\t\t\t\t\t\t\t\t\t\n\t\t\t\t\t\t\t\t\t\t\t\t\t\t\t\t\t<\/div>\n\t\t\t\t<\/div>\n\t\t\t<\/div>\n\t\t\t\t<a itemprop=\"url\" class=\"edgtf-pli-link\" href=\"https:\/\/www.dndmimarlik.com\/index.php\/portfolio-item\/alka-evleri\/\" target=\"_self\"><\/a>\n\t<\/div>\n<\/article><article class=\"edgtf-pl-item  post-5914 portfolio-item type-portfolio-item status-publish has-post-thumbnail hentry portfolio-category-insaat\">\n\t<div class=\"edgtf-pl-item-inner\">\n\t\t<div class=\"edgtf-pli-image\">\n\t\t\t\t\t\t\t<img loading=\"lazy\" decoding=\"async\" width=\"1958\" height=\"2448\" data-src=\"https:\/\/www.dndmimarlik.com\/wp-content\/uploads\/2019\/11\/ERY\u0130\u011e\u0130T-TRAKT\u00d6R-HEADER-1.jpg\" class=\"attachment-full size-full wp-post-image lazyload\" alt=\"\" data-srcset=\"https:\/\/www.dndmimarlik.com\/wp-content\/uploads\/2019\/11\/ERY\u0130\u011e\u0130T-TRAKT\u00d6R-HEADER-1.jpg 1958w, https:\/\/www.dndmimarlik.com\/wp-content\/uploads\/2019\/11\/ERY\u0130\u011e\u0130T-TRAKT\u00d6R-HEADER-1-240x300.jpg 240w, https:\/\/www.dndmimarlik.com\/wp-content\/uploads\/2019\/11\/ERY\u0130\u011e\u0130T-TRAKT\u00d6R-HEADER-1-768x960.jpg 768w, https:\/\/www.dndmimarlik.com\/wp-content\/uploads\/2019\/11\/ERY\u0130\u011e\u0130T-TRAKT\u00d6R-HEADER-1-819x1024.jpg 819w, https:\/\/www.dndmimarlik.com\/wp-content\/uploads\/2019\/11\/ERY\u0130\u011e\u0130T-TRAKT\u00d6R-HEADER-1-600x750.jpg 600w\" data-sizes=\"auto, (max-width: 1958px) 100vw, 1958px\" src=\"data:image\/gif;base64,R0lGODlhAQABAAAAACH5BAEKAAEALAAAAAABAAEAAAICTAEAOw==\" style=\"--smush-placeholder-width: 1958px; --smush-placeholder-aspect-ratio: 1958\/2448;\" \/><noscript><img loading=\"lazy\" decoding=\"async\" width=\"1958\" height=\"2448\" src=\"https:\/\/www.dndmimarlik.com\/wp-content\/uploads\/2019\/11\/ERY\u0130\u011e\u0130T-TRAKT\u00d6R-HEADER-1.jpg\" class=\"attachment-full size-full wp-post-image\" alt=\"\" srcset=\"https:\/\/www.dndmimarlik.com\/wp-content\/uploads\/2019\/11\/ERY\u0130\u011e\u0130T-TRAKT\u00d6R-HEADER-1.jpg 1958w, https:\/\/www.dndmimarlik.com\/wp-content\/uploads\/2019\/11\/ERY\u0130\u011e\u0130T-TRAKT\u00d6R-HEADER-1-240x300.jpg 240w, https:\/\/www.dndmimarlik.com\/wp-content\/uploads\/2019\/11\/ERY\u0130\u011e\u0130T-TRAKT\u00d6R-HEADER-1-768x960.jpg 768w, https:\/\/www.dndmimarlik.com\/wp-content\/uploads\/2019\/11\/ERY\u0130\u011e\u0130T-TRAKT\u00d6R-HEADER-1-819x1024.jpg 819w, https:\/\/www.dndmimarlik.com\/wp-content\/uploads\/2019\/11\/ERY\u0130\u011e\u0130T-TRAKT\u00d6R-HEADER-1-600x750.jpg 600w\" sizes=\"auto, (max-width: 1958px) 100vw, 1958px\" \/><\/noscript>\t\t\t\t\t\t\t\t\t<\/div>\n\t\t\t\t\t<div class=\"edgtf-pli-text-holder\" >\n\t\t\t\t<div class=\"edgtf-pli-text-wrapper\">\n\t\t\t\t\t<div class=\"edgtf-pli-text\" >\n\t\t\t\t\t\t\t\t\t\t\t\t\t\t\t\t\t\t\t<h5 itemprop=\"name\" class=\"edgtf-pli-title entry-title\" >\n\t\t\t\t\t\t\t\tERY\u0130\u011e\u0130T TRAKT\u00d6R\t\t\t\t\t\t\t<\/h5>\n\t\t\t\t\t\t\n\t\t\t\t\t\t\t\t\t\t\t\n\t\t\t\t\t\t\t\t\t\t\t\t\t\t\t\t\t<\/div>\n\t\t\t\t<\/div>\n\t\t\t<\/div>\n\t\t\t\t<a itemprop=\"url\" class=\"edgtf-pli-link\" href=\"https:\/\/www.dndmimarlik.com\/index.php\/portfolio-item\/eryigit-traktor-3\/\" target=\"_self\"><\/a>\n\t<\/div>\n<\/article><article class=\"edgtf-pl-item  post-5908 portfolio-item type-portfolio-item status-publish has-post-thumbnail hentry portfolio-category-insaat\">\n\t<div class=\"edgtf-pl-item-inner\">\n\t\t<div class=\"edgtf-pli-image\">\n\t\t\t\t\t\t\t<img loading=\"lazy\" decoding=\"async\" width=\"3885\" height=\"4856\" data-src=\"https:\/\/www.dndmimarlik.com\/wp-content\/uploads\/2019\/11\/ERY\u0130\u011e\u0130T-HEADER.jpg\" class=\"attachment-full size-full wp-post-image lazyload\" alt=\"\" data-srcset=\"https:\/\/www.dndmimarlik.com\/wp-content\/uploads\/2019\/11\/ERY\u0130\u011e\u0130T-HEADER.jpg 3885w, https:\/\/www.dndmimarlik.com\/wp-content\/uploads\/2019\/11\/ERY\u0130\u011e\u0130T-HEADER-240x300.jpg 240w, https:\/\/www.dndmimarlik.com\/wp-content\/uploads\/2019\/11\/ERY\u0130\u011e\u0130T-HEADER-768x960.jpg 768w, https:\/\/www.dndmimarlik.com\/wp-content\/uploads\/2019\/11\/ERY\u0130\u011e\u0130T-HEADER-819x1024.jpg 819w, https:\/\/www.dndmimarlik.com\/wp-content\/uploads\/2019\/11\/ERY\u0130\u011e\u0130T-HEADER-600x750.jpg 600w\" data-sizes=\"auto, (max-width: 3885px) 100vw, 3885px\" src=\"data:image\/gif;base64,R0lGODlhAQABAAAAACH5BAEKAAEALAAAAAABAAEAAAICTAEAOw==\" style=\"--smush-placeholder-width: 3885px; --smush-placeholder-aspect-ratio: 3885\/4856;\" \/><noscript><img loading=\"lazy\" decoding=\"async\" width=\"3885\" height=\"4856\" src=\"https:\/\/www.dndmimarlik.com\/wp-content\/uploads\/2019\/11\/ERY\u0130\u011e\u0130T-HEADER.jpg\" class=\"attachment-full size-full wp-post-image\" alt=\"\" srcset=\"https:\/\/www.dndmimarlik.com\/wp-content\/uploads\/2019\/11\/ERY\u0130\u011e\u0130T-HEADER.jpg 3885w, https:\/\/www.dndmimarlik.com\/wp-content\/uploads\/2019\/11\/ERY\u0130\u011e\u0130T-HEADER-240x300.jpg 240w, https:\/\/www.dndmimarlik.com\/wp-content\/uploads\/2019\/11\/ERY\u0130\u011e\u0130T-HEADER-768x960.jpg 768w, https:\/\/www.dndmimarlik.com\/wp-content\/uploads\/2019\/11\/ERY\u0130\u011e\u0130T-HEADER-819x1024.jpg 819w, https:\/\/www.dndmimarlik.com\/wp-content\/uploads\/2019\/11\/ERY\u0130\u011e\u0130T-HEADER-600x750.jpg 600w\" sizes=\"auto, (max-width: 3885px) 100vw, 3885px\" \/><\/noscript>\t\t\t\t\t\t\t\t\t<\/div>\n\t\t\t\t\t<div class=\"edgtf-pli-text-holder\" >\n\t\t\t\t<div class=\"edgtf-pli-text-wrapper\">\n\t\t\t\t\t<div class=\"edgtf-pli-text\" >\n\t\t\t\t\t\t\t\t\t\t\t\t\t\t\t\t\t\t\t<h5 itemprop=\"name\" class=\"edgtf-pli-title entry-title\" >\n\t\t\t\t\t\t\t\tERY\u0130\u011e\u0130T PLAZA\t\t\t\t\t\t\t<\/h5>\n\t\t\t\t\t\t\n\t\t\t\t\t\t\t\t\t\t\t\n\t\t\t\t\t\t\t\t\t\t\t\t\t\t\t\t\t<\/div>\n\t\t\t\t<\/div>\n\t\t\t<\/div>\n\t\t\t\t<a itemprop=\"url\" class=\"edgtf-pli-link\" href=\"https:\/\/www.dndmimarlik.com\/index.php\/portfolio-item\/eryigit-plaza\/\" target=\"_self\"><\/a>\n\t<\/div>\n<\/article><article class=\"edgtf-pl-item  post-5900 portfolio-item type-portfolio-item status-publish has-post-thumbnail hentry portfolio-category-insaat\">\n\t<div class=\"edgtf-pl-item-inner\">\n\t\t<div class=\"edgtf-pli-image\">\n\t\t\t\t\t\t\t<img loading=\"lazy\" decoding=\"async\" width=\"2996\" height=\"3744\" data-src=\"https:\/\/www.dndmimarlik.com\/wp-content\/uploads\/2019\/11\/\u0130SMA\u0130L-AYBEY-HEADER-1.jpg\" class=\"attachment-full size-full wp-post-image lazyload\" alt=\"\" data-srcset=\"https:\/\/www.dndmimarlik.com\/wp-content\/uploads\/2019\/11\/\u0130SMA\u0130L-AYBEY-HEADER-1.jpg 2996w, https:\/\/www.dndmimarlik.com\/wp-content\/uploads\/2019\/11\/\u0130SMA\u0130L-AYBEY-HEADER-1-240x300.jpg 240w, https:\/\/www.dndmimarlik.com\/wp-content\/uploads\/2019\/11\/\u0130SMA\u0130L-AYBEY-HEADER-1-768x960.jpg 768w, https:\/\/www.dndmimarlik.com\/wp-content\/uploads\/2019\/11\/\u0130SMA\u0130L-AYBEY-HEADER-1-819x1024.jpg 819w, https:\/\/www.dndmimarlik.com\/wp-content\/uploads\/2019\/11\/\u0130SMA\u0130L-AYBEY-HEADER-1-600x750.jpg 600w\" data-sizes=\"auto, (max-width: 2996px) 100vw, 2996px\" src=\"data:image\/gif;base64,R0lGODlhAQABAAAAACH5BAEKAAEALAAAAAABAAEAAAICTAEAOw==\" style=\"--smush-placeholder-width: 2996px; --smush-placeholder-aspect-ratio: 2996\/3744;\" \/><noscript><img loading=\"lazy\" decoding=\"async\" width=\"2996\" height=\"3744\" src=\"https:\/\/www.dndmimarlik.com\/wp-content\/uploads\/2019\/11\/\u0130SMA\u0130L-AYBEY-HEADER-1.jpg\" class=\"attachment-full size-full wp-post-image\" alt=\"\" srcset=\"https:\/\/www.dndmimarlik.com\/wp-content\/uploads\/2019\/11\/\u0130SMA\u0130L-AYBEY-HEADER-1.jpg 2996w, https:\/\/www.dndmimarlik.com\/wp-content\/uploads\/2019\/11\/\u0130SMA\u0130L-AYBEY-HEADER-1-240x300.jpg 240w, https:\/\/www.dndmimarlik.com\/wp-content\/uploads\/2019\/11\/\u0130SMA\u0130L-AYBEY-HEADER-1-768x960.jpg 768w, https:\/\/www.dndmimarlik.com\/wp-content\/uploads\/2019\/11\/\u0130SMA\u0130L-AYBEY-HEADER-1-819x1024.jpg 819w, https:\/\/www.dndmimarlik.com\/wp-content\/uploads\/2019\/11\/\u0130SMA\u0130L-AYBEY-HEADER-1-600x750.jpg 600w\" sizes=\"auto, (max-width: 2996px) 100vw, 2996px\" \/><\/noscript>\t\t\t\t\t\t\t\t\t<\/div>\n\t\t\t\t\t<div class=\"edgtf-pli-text-holder\" >\n\t\t\t\t<div class=\"edgtf-pli-text-wrapper\">\n\t\t\t\t\t<div class=\"edgtf-pli-text\" >\n\t\t\t\t\t\t\t\t\t\t\t\t\t\t\t\t\t\t\t<h5 itemprop=\"name\" class=\"edgtf-pli-title entry-title\" >\n\t\t\t\t\t\t\t\tN\u0130L\u00dcFERK\u00d6Y V\u0130LLA\t\t\t\t\t\t\t<\/h5>\n\t\t\t\t\t\t\n\t\t\t\t\t\t\t\t\t\t\t\n\t\t\t\t\t\t\t\t\t\t\t\t\t\t\t\t\t<\/div>\n\t\t\t\t<\/div>\n\t\t\t<\/div>\n\t\t\t\t<a itemprop=\"url\" class=\"edgtf-pli-link\" href=\"https:\/\/www.dndmimarlik.com\/index.php\/portfolio-item\/aybey-evi\/\" target=\"_self\"><\/a>\n\t<\/div>\n<\/article><article class=\"edgtf-pl-item  post-5939 portfolio-item type-portfolio-item status-publish has-post-thumbnail hentry portfolio-category-insaat\">\n\t<div class=\"edgtf-pl-item-inner\">\n\t\t<div class=\"edgtf-pli-image\">\n\t\t\t\t\t\t\t<img loading=\"lazy\" decoding=\"async\" width=\"1334\" height=\"1667\" data-src=\"https:\/\/www.dndmimarlik.com\/wp-content\/uploads\/2019\/11\/MEYDAN-EV\u0130-HEADER.jpg\" class=\"attachment-full size-full wp-post-image lazyload\" alt=\"\" data-srcset=\"https:\/\/www.dndmimarlik.com\/wp-content\/uploads\/2019\/11\/MEYDAN-EV\u0130-HEADER.jpg 1334w, https:\/\/www.dndmimarlik.com\/wp-content\/uploads\/2019\/11\/MEYDAN-EV\u0130-HEADER-240x300.jpg 240w, https:\/\/www.dndmimarlik.com\/wp-content\/uploads\/2019\/11\/MEYDAN-EV\u0130-HEADER-768x960.jpg 768w, https:\/\/www.dndmimarlik.com\/wp-content\/uploads\/2019\/11\/MEYDAN-EV\u0130-HEADER-819x1024.jpg 819w, https:\/\/www.dndmimarlik.com\/wp-content\/uploads\/2019\/11\/MEYDAN-EV\u0130-HEADER-600x750.jpg 600w\" data-sizes=\"auto, (max-width: 1334px) 100vw, 1334px\" src=\"data:image\/gif;base64,R0lGODlhAQABAAAAACH5BAEKAAEALAAAAAABAAEAAAICTAEAOw==\" style=\"--smush-placeholder-width: 1334px; --smush-placeholder-aspect-ratio: 1334\/1667;\" \/><noscript><img loading=\"lazy\" decoding=\"async\" width=\"1334\" height=\"1667\" src=\"https:\/\/www.dndmimarlik.com\/wp-content\/uploads\/2019\/11\/MEYDAN-EV\u0130-HEADER.jpg\" class=\"attachment-full size-full wp-post-image\" alt=\"\" srcset=\"https:\/\/www.dndmimarlik.com\/wp-content\/uploads\/2019\/11\/MEYDAN-EV\u0130-HEADER.jpg 1334w, https:\/\/www.dndmimarlik.com\/wp-content\/uploads\/2019\/11\/MEYDAN-EV\u0130-HEADER-240x300.jpg 240w, https:\/\/www.dndmimarlik.com\/wp-content\/uploads\/2019\/11\/MEYDAN-EV\u0130-HEADER-768x960.jpg 768w, https:\/\/www.dndmimarlik.com\/wp-content\/uploads\/2019\/11\/MEYDAN-EV\u0130-HEADER-819x1024.jpg 819w, https:\/\/www.dndmimarlik.com\/wp-content\/uploads\/2019\/11\/MEYDAN-EV\u0130-HEADER-600x750.jpg 600w\" sizes=\"auto, (max-width: 1334px) 100vw, 1334px\" \/><\/noscript>\t\t\t\t\t\t\t\t\t<\/div>\n\t\t\t\t\t<div class=\"edgtf-pli-text-holder\" >\n\t\t\t\t<div class=\"edgtf-pli-text-wrapper\">\n\t\t\t\t\t<div class=\"edgtf-pli-text\" >\n\t\t\t\t\t\t\t\t\t\t\t\t\t\t\t\t\t\t\t<h5 itemprop=\"name\" class=\"edgtf-pli-title entry-title\" >\n\t\t\t\t\t\t\t\tN\u0130L\u00dcFERK\u00d6Y V\u0130LLA\t\t\t\t\t\t\t<\/h5>\n\t\t\t\t\t\t\n\t\t\t\t\t\t\t\t\t\t\t\n\t\t\t\t\t\t\t\t\t\t\t\t\t\t\t\t\t<\/div>\n\t\t\t\t<\/div>\n\t\t\t<\/div>\n\t\t\t\t<a itemprop=\"url\" class=\"edgtf-pli-link\" href=\"https:\/\/www.dndmimarlik.com\/index.php\/portfolio-item\/meydan-evi\/\" target=\"_self\"><\/a>\n\t<\/div>\n<\/article><article class=\"edgtf-pl-item  post-5922 portfolio-item type-portfolio-item status-publish has-post-thumbnail hentry portfolio-category-insaat\">\n\t<div class=\"edgtf-pl-item-inner\">\n\t\t<div class=\"edgtf-pli-image\">\n\t\t\t\t\t\t\t<img loading=\"lazy\" decoding=\"async\" width=\"2996\" height=\"3744\" data-src=\"https:\/\/www.dndmimarlik.com\/wp-content\/uploads\/2019\/11\/DA\u011eLIO\u011eLU-EV\u0130-HEADER2.jpg\" class=\"attachment-full size-full wp-post-image lazyload\" alt=\"\" data-srcset=\"https:\/\/www.dndmimarlik.com\/wp-content\/uploads\/2019\/11\/DA\u011eLIO\u011eLU-EV\u0130-HEADER2.jpg 2996w, https:\/\/www.dndmimarlik.com\/wp-content\/uploads\/2019\/11\/DA\u011eLIO\u011eLU-EV\u0130-HEADER2-240x300.jpg 240w, https:\/\/www.dndmimarlik.com\/wp-content\/uploads\/2019\/11\/DA\u011eLIO\u011eLU-EV\u0130-HEADER2-768x960.jpg 768w, https:\/\/www.dndmimarlik.com\/wp-content\/uploads\/2019\/11\/DA\u011eLIO\u011eLU-EV\u0130-HEADER2-819x1024.jpg 819w, https:\/\/www.dndmimarlik.com\/wp-content\/uploads\/2019\/11\/DA\u011eLIO\u011eLU-EV\u0130-HEADER2-600x750.jpg 600w\" data-sizes=\"auto, (max-width: 2996px) 100vw, 2996px\" src=\"data:image\/gif;base64,R0lGODlhAQABAAAAACH5BAEKAAEALAAAAAABAAEAAAICTAEAOw==\" style=\"--smush-placeholder-width: 2996px; --smush-placeholder-aspect-ratio: 2996\/3744;\" \/><noscript><img loading=\"lazy\" decoding=\"async\" width=\"2996\" height=\"3744\" src=\"https:\/\/www.dndmimarlik.com\/wp-content\/uploads\/2019\/11\/DA\u011eLIO\u011eLU-EV\u0130-HEADER2.jpg\" class=\"attachment-full size-full wp-post-image\" alt=\"\" srcset=\"https:\/\/www.dndmimarlik.com\/wp-content\/uploads\/2019\/11\/DA\u011eLIO\u011eLU-EV\u0130-HEADER2.jpg 2996w, https:\/\/www.dndmimarlik.com\/wp-content\/uploads\/2019\/11\/DA\u011eLIO\u011eLU-EV\u0130-HEADER2-240x300.jpg 240w, https:\/\/www.dndmimarlik.com\/wp-content\/uploads\/2019\/11\/DA\u011eLIO\u011eLU-EV\u0130-HEADER2-768x960.jpg 768w, https:\/\/www.dndmimarlik.com\/wp-content\/uploads\/2019\/11\/DA\u011eLIO\u011eLU-EV\u0130-HEADER2-819x1024.jpg 819w, https:\/\/www.dndmimarlik.com\/wp-content\/uploads\/2019\/11\/DA\u011eLIO\u011eLU-EV\u0130-HEADER2-600x750.jpg 600w\" sizes=\"auto, (max-width: 2996px) 100vw, 2996px\" \/><\/noscript>\t\t\t\t\t\t\t\t\t<\/div>\n\t\t\t\t\t<div class=\"edgtf-pli-text-holder\" >\n\t\t\t\t<div class=\"edgtf-pli-text-wrapper\">\n\t\t\t\t\t<div class=\"edgtf-pli-text\" >\n\t\t\t\t\t\t\t\t\t\t\t\t\t\t\t\t\t\t\t<h5 itemprop=\"name\" class=\"edgtf-pli-title entry-title\" >\n\t\t\t\t\t\t\t\tBADEML\u0130 V\u0130LLA\t\t\t\t\t\t\t<\/h5>\n\t\t\t\t\t\t\n\t\t\t\t\t\t\t\t\t\t\t\n\t\t\t\t\t\t\t\t\t\t\t\t\t\t\t\t\t<\/div>\n\t\t\t\t<\/div>\n\t\t\t<\/div>\n\t\t\t\t<a itemprop=\"url\" class=\"edgtf-pli-link\" href=\"https:\/\/www.dndmimarlik.com\/index.php\/portfolio-item\/daglioglu-evi\/\" target=\"_self\"><\/a>\n\t<\/div>\n<\/article><article class=\"edgtf-pl-item  post-5864 portfolio-item type-portfolio-item status-publish has-post-thumbnail hentry portfolio-category-insaat\">\n\t<div class=\"edgtf-pl-item-inner\">\n\t\t<div class=\"edgtf-pli-image\">\n\t\t\t\t\t\t\t<img loading=\"lazy\" decoding=\"async\" width=\"2055\" height=\"2574\" data-src=\"https:\/\/www.dndmimarlik.com\/wp-content\/uploads\/2019\/11\/3-header.jpg\" class=\"attachment-full size-full wp-post-image lazyload\" alt=\"\" data-srcset=\"https:\/\/www.dndmimarlik.com\/wp-content\/uploads\/2019\/11\/3-header.jpg 2055w, https:\/\/www.dndmimarlik.com\/wp-content\/uploads\/2019\/11\/3-header-240x300.jpg 240w, https:\/\/www.dndmimarlik.com\/wp-content\/uploads\/2019\/11\/3-header-768x962.jpg 768w, https:\/\/www.dndmimarlik.com\/wp-content\/uploads\/2019\/11\/3-header-818x1024.jpg 818w, https:\/\/www.dndmimarlik.com\/wp-content\/uploads\/2019\/11\/3-header-600x752.jpg 600w\" data-sizes=\"auto, (max-width: 2055px) 100vw, 2055px\" src=\"data:image\/gif;base64,R0lGODlhAQABAAAAACH5BAEKAAEALAAAAAABAAEAAAICTAEAOw==\" style=\"--smush-placeholder-width: 2055px; --smush-placeholder-aspect-ratio: 2055\/2574;\" \/><noscript><img loading=\"lazy\" decoding=\"async\" width=\"2055\" height=\"2574\" src=\"https:\/\/www.dndmimarlik.com\/wp-content\/uploads\/2019\/11\/3-header.jpg\" class=\"attachment-full size-full wp-post-image\" alt=\"\" srcset=\"https:\/\/www.dndmimarlik.com\/wp-content\/uploads\/2019\/11\/3-header.jpg 2055w, https:\/\/www.dndmimarlik.com\/wp-content\/uploads\/2019\/11\/3-header-240x300.jpg 240w, https:\/\/www.dndmimarlik.com\/wp-content\/uploads\/2019\/11\/3-header-768x962.jpg 768w, https:\/\/www.dndmimarlik.com\/wp-content\/uploads\/2019\/11\/3-header-818x1024.jpg 818w, https:\/\/www.dndmimarlik.com\/wp-content\/uploads\/2019\/11\/3-header-600x752.jpg 600w\" sizes=\"auto, (max-width: 2055px) 100vw, 2055px\" \/><\/noscript>\t\t\t\t\t\t\t\t\t<\/div>\n\t\t\t\t\t<div class=\"edgtf-pli-text-holder\" >\n\t\t\t\t<div class=\"edgtf-pli-text-wrapper\">\n\t\t\t\t\t<div class=\"edgtf-pli-text\" >\n\t\t\t\t\t\t\t\t\t\t\t\t\t\t\t\t\t\t\t<h5 itemprop=\"name\" class=\"edgtf-pli-title entry-title\" >\n\t\t\t\t\t\t\t\t\u00d6ZL\u00dcCE V\u0130LLA\t\t\t\t\t\t\t<\/h5>\n\t\t\t\t\t\t\n\t\t\t\t\t\t\t\t\t\t\t\n\t\t\t\t\t\t\t\t\t\t\t\t\t\t\t\t\t<\/div>\n\t\t\t\t<\/div>\n\t\t\t<\/div>\n\t\t\t\t<a itemprop=\"url\" class=\"edgtf-pli-link\" href=\"https:\/\/www.dndmimarlik.com\/index.php\/portfolio-item\/gunes-evi\/\" target=\"_self\"><\/a>\n\t<\/div>\n<\/article><\/div><\/div>[\/vc_column][\/vc_row]<\/p>\n","protected":false},"excerpt":{"rendered":"<p>[vc_row row_content_width=&#8221;grid&#8221; content_text_aligment=&#8221;&#8221; use_row_as_full_screen_section=&#8221;no&#8221; css=&#8221;.vc_custom_1573282258756{padding-top: 48px !important;padding-bottom: 70px !important;}&#8221;][vc_column][\/vc_column][\/vc_row]<\/p>\n","protected":false},"author":1,"featured_media":0,"parent":0,"menu_order":0,"comment_status":"closed","ping_status":"closed","template":"full-width.php","meta":{"footnotes":""},"class_list":["post-5333","page","type-page","status-publish","hentry"],"_links":{"self":[{"href":"https:\/\/www.dndmimarlik.com\/index.php\/wp-json\/wp\/v2\/pages\/5333","targetHints":{"allow":["GET"]}}],"collection":[{"href":"https:\/\/www.dndmimarlik.com\/index.php\/wp-json\/wp\/v2\/pages"}],"about":[{"href":"https:\/\/www.dndmimarlik.com\/index.php\/wp-json\/wp\/v2\/types\/page"}],"author":[{"embeddable":true,"href":"https:\/\/www.dndmimarlik.com\/index.php\/wp-json\/wp\/v2\/users\/1"}],"replies":[{"embeddable":true,"href":"https:\/\/www.dndmimarlik.com\/index.php\/wp-json\/wp\/v2\/comments?post=5333"}],"version-history":[{"count":1,"href":"https:\/\/www.dndmimarlik.com\/index.php\/wp-json\/wp\/v2\/pages\/5333\/revisions"}],"predecessor-version":[{"id":100964,"href":"https:\/\/www.dndmimarlik.com\/index.php\/wp-json\/wp\/v2\/pages\/5333\/revisions\/100964"}],"wp:attachment":[{"href":"https:\/\/www.dndmimarlik.com\/index.php\/wp-json\/wp\/v2\/media?parent=5333"}],"curies":[{"name":"wp","href":"https:\/\/api.w.org\/{rel}","templated":true}]}}