{"id":5469,"date":"2019-11-07T13:09:16","date_gmt":"2019-11-07T10:09:16","guid":{"rendered":"http:\/\/www.dndmimarlik.com\/?page_id=5469"},"modified":"2024-12-07T16:24:22","modified_gmt":"2024-12-07T13:24:22","slug":"hakkimizda","status":"publish","type":"page","link":"https:\/\/www.dndmimarlik.com\/index.php\/hakkimizda\/","title":{"rendered":"Hakk\u0131m\u0131zda"},"content":{"rendered":"<p>[vc_row content_text_aligment=&#8221;&#8221; use_row_as_full_screen_section=&#8221;no&#8221; css=&#8221;.vc_custom_1573121134379{padding-top: 100px !important;}&#8221;][vc_column][vc_single_image image=&#8221;95519&#8243; img_size=&#8221;full&#8221; style=&#8221;vc_box_shadow_3d&#8221;][\/vc_column][\/vc_row][vc_row content_text_aligment=&#8221;&#8221; use_row_as_full_screen_section=&#8221;no&#8221; css=&#8221;.vc_custom_1573461415345{padding-top: 25px !important;}&#8221;][vc_column][vc_column_text]<\/p>\n<h4 style=\"text-align: center;\">Biz Kimiz?<\/h4>\n<p>[\/vc_column_text][\/vc_column][\/vc_row][vc_row content_text_aligment=&#8221;&#8221; use_row_as_full_screen_section=&#8221;no&#8221;][vc_column][vc_empty_space height=&#8221;25&#8243;][vc_column_text]DND Mimarl\u0131k Y. Mimar Derya Demirta\u015f ve Mimar Necati Demirta\u015f taraf\u0131ndan 2009 y\u0131l\u0131nda kurulmu\u015ftur.<\/p>\n<p>\u0130kili daha \u00f6ncesinde 1996-2009 y\u0131llar\u0131 aras\u0131nda Bursa-Balat Ergin Evler projesinin tasar\u0131m, projelendirme ve imalat s\u00fcrecini y\u00fcr\u00fctm\u00fc\u015ft\u00fcr. Projenin hayata ge\u00e7irilmesi, sitede ya\u015fam d\u00fczeninin ba\u015flamas\u0131n\u0131 organize ettikten sonra kendi firmalar\u0131 ile meslek hayatlar\u0131na devam ettiler.<\/p>\n<p>Firma, olu\u015fturdu\u011fu teknik kadrosu ile birlikte Mimari proje, dekorasyon projesi ve in\u015faat -uygulama alanlar\u0131nda faaliyetlerini s\u00fcrd\u00fcrmektedir.<\/p>\n<p>Projelerinde, \u00e7a\u011f\u0131m\u0131z\u0131n ki\u015fi ve ki\u015filerin ihtiya\u00e7lar\u0131na cevap vererek yeniliklere a\u00e7\u0131k, ki\u015fiye \u00f6zel \u00e7\u00f6z\u00fcmler \u00fcretmeyi hedeflemekte, \u201cG\u00fczel ya\u015flanan tasar\u0131mlar \u201c kavram\u0131ndan yola \u00e7\u0131karak \u00e7al\u0131\u015fmalar\u0131na y\u00f6n vermektedirler.<\/p>\n<p>Yeni verimlilikler arayan \u00e7al\u0131\u015fmalar\u0131nda mevcut de\u011ferlere sayg\u0131 duyan yakla\u015f\u0131mlar sergilemektedirler.<\/p>\n<p>T\u00fcm \u00e7al\u0131\u015fmalar\u0131nda 3B modelleme ve detay \u00e7\u00f6z\u00fcmleri ile kullan\u0131c\u0131ya, nihai sonucu b\u00fct\u00fcn ayr\u0131nt\u0131lar\u0131 ile g\u00f6steren projeler haz\u0131rlanmaktad\u0131r.<\/p>\n<p>Her \u015feyden \u00f6nemlisi i\u015flerini severek yapan bir ekip olarak, t\u00fcm projelerde ayn\u0131 titizlik ve \u00f6zveriyi g\u00f6stermektedir.[\/vc_column_text][vc_empty_space height=&#8221;40&#8243;][\/vc_column][\/vc_row][vc_row content_text_aligment=&#8221;&#8221; use_row_as_full_screen_section=&#8221;no&#8221;][vc_column width=&#8221;1\/2&#8243;][vc_empty_space height=&#8221;25&#8243;][vc_single_image image=&#8221;95517&#8243; img_size=&#8221;medium&#8221; alignment=&#8221;center&#8221; style=&#8221;vc_box_outline&#8221;][vc_column_text]<\/p>\n<p style=\"text-align: center;\">Mimar <strong>Necati DEM\u0130RTA\u015e<\/strong><\/p>\n<p>[\/vc_column_text][vc_empty_space height=&#8221;40&#8243;][\/vc_column][vc_column width=&#8221;1\/2&#8243;][vc_empty_space height=&#8221;25&#8243;][vc_single_image image=&#8221;95518&#8243; img_size=&#8221;medium&#8221; alignment=&#8221;center&#8221; style=&#8221;vc_box_outline&#8221;][vc_column_text]<\/p>\n<p style=\"text-align: center;\">Y\u00fcksek Mimar <strong>Derya DEM\u0130RTA\u015e<\/strong><\/p>\n<p>[\/vc_column_text][vc_empty_space height=&#8221;40&#8243;][\/vc_column][\/vc_row][vc_row content_text_aligment=&#8221;&#8221; use_row_as_full_screen_section=&#8221;no&#8221;][vc_column][vc_column_text]<\/p>\n<h4 style=\"text-align: center;\">Ekibimiz<\/h4>\n<p>[\/vc_column_text][\/vc_column][\/vc_row][vc_row content_text_aligment=&#8221;&#8221; use_row_as_full_screen_section=&#8221;no&#8221; css=&#8221;.vc_custom_1573127698934{padding-top: 25px !important;}&#8221;][vc_column width=&#8221;1\/2&#8243;]<div class=\"edgtf-team-holder main-info-on-hover\">\n\t<div class=\"edgtf-team-inner\">\n\t\t\t\t\t<div class=\"edgtf-team-image\">\n\t            <img loading=\"lazy\" decoding=\"async\" width=\"693\" height=\"693\" data-src=\"https:\/\/www.dndmimarlik.com\/wp-content\/uploads\/2019\/11\/SAL\u0130MBWsmall.jpg\" class=\"attachment-full size-full lazyload\" alt=\"\" data-srcset=\"https:\/\/www.dndmimarlik.com\/wp-content\/uploads\/2019\/11\/SAL\u0130MBWsmall.jpg 693w, https:\/\/www.dndmimarlik.com\/wp-content\/uploads\/2019\/11\/SAL\u0130MBWsmall-150x150.jpg 150w, https:\/\/www.dndmimarlik.com\/wp-content\/uploads\/2019\/11\/SAL\u0130MBWsmall-300x300.jpg 300w, https:\/\/www.dndmimarlik.com\/wp-content\/uploads\/2019\/11\/SAL\u0130MBWsmall-640x640.jpg 640w, https:\/\/www.dndmimarlik.com\/wp-content\/uploads\/2019\/11\/SAL\u0130MBWsmall-600x600.jpg 600w, https:\/\/www.dndmimarlik.com\/wp-content\/uploads\/2019\/11\/SAL\u0130MBWsmall-50x50.jpg 50w, https:\/\/www.dndmimarlik.com\/wp-content\/uploads\/2019\/11\/SAL\u0130MBWsmall-100x100.jpg 100w\" data-sizes=\"auto, (max-width: 693px) 100vw, 693px\" src=\"data:image\/gif;base64,R0lGODlhAQABAAAAACH5BAEKAAEALAAAAAABAAEAAAICTAEAOw==\" style=\"--smush-placeholder-width: 693px; --smush-placeholder-aspect-ratio: 693\/693;\" \/><noscript><img loading=\"lazy\" decoding=\"async\" width=\"693\" height=\"693\" src=\"https:\/\/www.dndmimarlik.com\/wp-content\/uploads\/2019\/11\/SAL\u0130MBWsmall.jpg\" class=\"attachment-full size-full\" alt=\"\" srcset=\"https:\/\/www.dndmimarlik.com\/wp-content\/uploads\/2019\/11\/SAL\u0130MBWsmall.jpg 693w, https:\/\/www.dndmimarlik.com\/wp-content\/uploads\/2019\/11\/SAL\u0130MBWsmall-150x150.jpg 150w, https:\/\/www.dndmimarlik.com\/wp-content\/uploads\/2019\/11\/SAL\u0130MBWsmall-300x300.jpg 300w, https:\/\/www.dndmimarlik.com\/wp-content\/uploads\/2019\/11\/SAL\u0130MBWsmall-640x640.jpg 640w, https:\/\/www.dndmimarlik.com\/wp-content\/uploads\/2019\/11\/SAL\u0130MBWsmall-600x600.jpg 600w, https:\/\/www.dndmimarlik.com\/wp-content\/uploads\/2019\/11\/SAL\u0130MBWsmall-50x50.jpg 50w, https:\/\/www.dndmimarlik.com\/wp-content\/uploads\/2019\/11\/SAL\u0130MBWsmall-100x100.jpg 100w\" sizes=\"auto, (max-width: 693px) 100vw, 693px\" \/><\/noscript>\n\t            \t\t\t\t\t<div class=\"edgtf-team-info\">\n\t\t\t\t\t\t<div class=\"edgtf-team-info-holder\">\n\t\t\t\t\t\t\t<div class=\"edgtf-team-info-inner\">\n\t\t\t\t\t\t\t\t\t\t\t\t\t\t\t\t\t<h3 class=\"edgtf-team-name\" >Salim Erdem<\/h3>\n\t\t\t\t\t\t\t\t\t\t\t\t\t\t\t\t\t\t\t\t\t\t\t\t\t<p class=\"edgtf-team-position\" >Mimar<\/p>\n\t\t\t\t\t\t\t\t\t\t\t\t\t\t\t\t\t\t\t\t\t\t\t\t\t<p class=\"edgtf-team-excerpt\" >Merhaba, ben Salim Erdem. \u0130stanbul Ayd\u0131n \u00dcniversitesi Mimarl\u0131k Fak\u00fcltesini bitirdim. 2015 y\u0131l\u0131ndan beri profesyonel hizmet veriyorum. Dnd Mimarl\u0131k, tasar\u0131m ekibinde yer almaktay\u0131m.<\/p>\n\t\t\t\t\t\t\t\t                                \t\t\t\t\t\t\t<\/div>\n\t\t\t\t\t\t<\/div>\n\t\t\t\t\t<\/div>\t\n\t\t\t\t\t\t\t<\/div>\n\t\t\t<\/div>\n<\/div>[\/vc_column][vc_column width=&#8221;1\/2&#8243;]<div class=\"edgtf-team-holder main-info-on-hover\">\n\t<div class=\"edgtf-team-inner\">\n\t\t\t\t\t<div class=\"edgtf-team-image\">\n\t            <img loading=\"lazy\" decoding=\"async\" width=\"600\" height=\"600\" data-src=\"https:\/\/www.dndmimarlik.com\/wp-content\/uploads\/2024\/12\/jbk.jpg\" class=\"attachment-full size-full lazyload\" alt=\"\" data-srcset=\"https:\/\/www.dndmimarlik.com\/wp-content\/uploads\/2024\/12\/jbk.jpg 600w, https:\/\/www.dndmimarlik.com\/wp-content\/uploads\/2024\/12\/jbk-300x300.jpg 300w, https:\/\/www.dndmimarlik.com\/wp-content\/uploads\/2024\/12\/jbk-150x150.jpg 150w, https:\/\/www.dndmimarlik.com\/wp-content\/uploads\/2024\/12\/jbk-50x50.jpg 50w, https:\/\/www.dndmimarlik.com\/wp-content\/uploads\/2024\/12\/jbk-100x100.jpg 100w\" data-sizes=\"auto, (max-width: 600px) 100vw, 600px\" src=\"data:image\/gif;base64,R0lGODlhAQABAAAAACH5BAEKAAEALAAAAAABAAEAAAICTAEAOw==\" style=\"--smush-placeholder-width: 600px; --smush-placeholder-aspect-ratio: 600\/600;\" \/><noscript><img loading=\"lazy\" decoding=\"async\" width=\"600\" height=\"600\" src=\"https:\/\/www.dndmimarlik.com\/wp-content\/uploads\/2024\/12\/jbk.jpg\" class=\"attachment-full size-full\" alt=\"\" srcset=\"https:\/\/www.dndmimarlik.com\/wp-content\/uploads\/2024\/12\/jbk.jpg 600w, https:\/\/www.dndmimarlik.com\/wp-content\/uploads\/2024\/12\/jbk-300x300.jpg 300w, https:\/\/www.dndmimarlik.com\/wp-content\/uploads\/2024\/12\/jbk-150x150.jpg 150w, https:\/\/www.dndmimarlik.com\/wp-content\/uploads\/2024\/12\/jbk-50x50.jpg 50w, https:\/\/www.dndmimarlik.com\/wp-content\/uploads\/2024\/12\/jbk-100x100.jpg 100w\" sizes=\"auto, (max-width: 600px) 100vw, 600px\" \/><\/noscript>\n\t            \t\t\t\t\t<div class=\"edgtf-team-info\">\n\t\t\t\t\t\t<div class=\"edgtf-team-info-holder\">\n\t\t\t\t\t\t\t<div class=\"edgtf-team-info-inner\">\n\t\t\t\t\t\t\t\t\t\t\t\t\t\t\t\t\t<h3 class=\"edgtf-team-name\" >Senem Altunta\u015f<\/h3>\n\t\t\t\t\t\t\t\t\t\t\t\t\t\t\t\t\t\t\t\t\t\t\t\t\t<p class=\"edgtf-team-position\" >Mimar<\/p>\n\t\t\t\t\t\t\t\t\t\t\t\t\t\t\t\t\t\t\t\t\t\t\t\t\t<p class=\"edgtf-team-excerpt\" >Merhaba, ben Senem ALTUNTA\u015e. \u0130stanbul Alt\u0131nba\u015f \u00dcniversitesi Mimarl\u0131k B\u00f6l\u00fcm\u00fc mezunuyum. DND Mimarl\u0131k tasar\u0131m ekibinde yer almaktay\u0131m.<\/p>\n\t\t\t\t\t\t\t\t                                \t\t\t\t\t\t\t<\/div>\n\t\t\t\t\t\t<\/div>\n\t\t\t\t\t<\/div>\t\n\t\t\t\t\t\t\t<\/div>\n\t\t\t<\/div>\n<\/div>[\/vc_column][\/vc_row][vc_row content_text_aligment=&#8221;&#8221; use_row_as_full_screen_section=&#8221;no&#8221; css=&#8221;.vc_custom_1573127737316{padding-top: 25px !important;}&#8221;][vc_column width=&#8221;1\/2&#8243;]<div class=\"edgtf-team-holder main-info-on-hover\">\n\t<div class=\"edgtf-team-inner\">\n\t\t\t\t\t<div class=\"edgtf-team-image\">\n\t            <img loading=\"lazy\" decoding=\"async\" width=\"600\" height=\"600\" data-src=\"https:\/\/www.dndmimarlik.com\/wp-content\/uploads\/2024\/12\/dfgf-kopya.jpg\" class=\"attachment-full size-full lazyload\" alt=\"\" data-srcset=\"https:\/\/www.dndmimarlik.com\/wp-content\/uploads\/2024\/12\/dfgf-kopya.jpg 600w, https:\/\/www.dndmimarlik.com\/wp-content\/uploads\/2024\/12\/dfgf-kopya-300x300.jpg 300w, https:\/\/www.dndmimarlik.com\/wp-content\/uploads\/2024\/12\/dfgf-kopya-150x150.jpg 150w, https:\/\/www.dndmimarlik.com\/wp-content\/uploads\/2024\/12\/dfgf-kopya-50x50.jpg 50w, https:\/\/www.dndmimarlik.com\/wp-content\/uploads\/2024\/12\/dfgf-kopya-100x100.jpg 100w\" data-sizes=\"auto, (max-width: 600px) 100vw, 600px\" src=\"data:image\/gif;base64,R0lGODlhAQABAAAAACH5BAEKAAEALAAAAAABAAEAAAICTAEAOw==\" style=\"--smush-placeholder-width: 600px; --smush-placeholder-aspect-ratio: 600\/600;\" \/><noscript><img loading=\"lazy\" decoding=\"async\" width=\"600\" height=\"600\" src=\"https:\/\/www.dndmimarlik.com\/wp-content\/uploads\/2024\/12\/dfgf-kopya.jpg\" class=\"attachment-full size-full\" alt=\"\" srcset=\"https:\/\/www.dndmimarlik.com\/wp-content\/uploads\/2024\/12\/dfgf-kopya.jpg 600w, https:\/\/www.dndmimarlik.com\/wp-content\/uploads\/2024\/12\/dfgf-kopya-300x300.jpg 300w, https:\/\/www.dndmimarlik.com\/wp-content\/uploads\/2024\/12\/dfgf-kopya-150x150.jpg 150w, https:\/\/www.dndmimarlik.com\/wp-content\/uploads\/2024\/12\/dfgf-kopya-50x50.jpg 50w, https:\/\/www.dndmimarlik.com\/wp-content\/uploads\/2024\/12\/dfgf-kopya-100x100.jpg 100w\" sizes=\"auto, (max-width: 600px) 100vw, 600px\" \/><\/noscript>\n\t            \t\t\t\t\t<div class=\"edgtf-team-info\">\n\t\t\t\t\t\t<div class=\"edgtf-team-info-holder\">\n\t\t\t\t\t\t\t<div class=\"edgtf-team-info-inner\">\n\t\t\t\t\t\t\t\t\t\t\t\t\t\t\t\t\t<h3 class=\"edgtf-team-name\" >Berat Demir<\/h3>\n\t\t\t\t\t\t\t\t\t\t\t\t\t\t\t\t\t\t\t\t\t\t\t\t\t<p class=\"edgtf-team-position\" >3D Tasar\u0131mc\u0131<\/p>\n\t\t\t\t\t\t\t\t\t\t\t\t\t\t\t\t\t\t\t\t\t\t\t\t\t<p class=\"edgtf-team-excerpt\" >Merhaba, ben Berat Demir. 2022 y\u0131l\u0131nda Abdullah G\u00fcl \u00dcniversitesi, Mimarl\u0131k B\u00f6l\u00fcm\u00fc e\u011fitimimi tamamlad\u0131m. DND Mimarl\u0131k&#039;ta 3D modelleme, g\u00f6rselle\u015ftirme ve animasyon \u00e7al\u0131\u015fmalar\u0131n\u0131 y\u00fcr\u00fctmekteyim.<\/p>\n\t\t\t\t\t\t\t\t                                \t\t\t\t\t\t\t<\/div>\n\t\t\t\t\t\t<\/div>\n\t\t\t\t\t<\/div>\t\n\t\t\t\t\t\t\t<\/div>\n\t\t\t<\/div>\n<\/div>[\/vc_column][vc_column width=&#8221;1\/2&#8243;]<div class=\"edgtf-team-holder main-info-on-hover\">\n\t<div class=\"edgtf-team-inner\">\n\t\t\t\t\t<div class=\"edgtf-team-image\">\n\t            <img loading=\"lazy\" decoding=\"async\" width=\"600\" height=\"600\" data-src=\"https:\/\/www.dndmimarlik.com\/wp-content\/uploads\/2023\/07\/dfgf.jpg\" class=\"attachment-full size-full lazyload\" alt=\"\" data-srcset=\"https:\/\/www.dndmimarlik.com\/wp-content\/uploads\/2023\/07\/dfgf.jpg 600w, https:\/\/www.dndmimarlik.com\/wp-content\/uploads\/2023\/07\/dfgf-300x300.jpg 300w, https:\/\/www.dndmimarlik.com\/wp-content\/uploads\/2023\/07\/dfgf-150x150.jpg 150w, https:\/\/www.dndmimarlik.com\/wp-content\/uploads\/2023\/07\/dfgf-50x50.jpg 50w, https:\/\/www.dndmimarlik.com\/wp-content\/uploads\/2023\/07\/dfgf-100x100.jpg 100w\" data-sizes=\"auto, (max-width: 600px) 100vw, 600px\" src=\"data:image\/gif;base64,R0lGODlhAQABAAAAACH5BAEKAAEALAAAAAABAAEAAAICTAEAOw==\" style=\"--smush-placeholder-width: 600px; --smush-placeholder-aspect-ratio: 600\/600;\" \/><noscript><img loading=\"lazy\" decoding=\"async\" width=\"600\" height=\"600\" src=\"https:\/\/www.dndmimarlik.com\/wp-content\/uploads\/2023\/07\/dfgf.jpg\" class=\"attachment-full size-full\" alt=\"\" srcset=\"https:\/\/www.dndmimarlik.com\/wp-content\/uploads\/2023\/07\/dfgf.jpg 600w, https:\/\/www.dndmimarlik.com\/wp-content\/uploads\/2023\/07\/dfgf-300x300.jpg 300w, https:\/\/www.dndmimarlik.com\/wp-content\/uploads\/2023\/07\/dfgf-150x150.jpg 150w, https:\/\/www.dndmimarlik.com\/wp-content\/uploads\/2023\/07\/dfgf-50x50.jpg 50w, https:\/\/www.dndmimarlik.com\/wp-content\/uploads\/2023\/07\/dfgf-100x100.jpg 100w\" sizes=\"auto, (max-width: 600px) 100vw, 600px\" \/><\/noscript>\n\t            \t\t\t\t\t<div class=\"edgtf-team-info\">\n\t\t\t\t\t\t<div class=\"edgtf-team-info-holder\">\n\t\t\t\t\t\t\t<div class=\"edgtf-team-info-inner\">\n\t\t\t\t\t\t\t\t\t\t\t\t\t\t\t\t\t<h3 class=\"edgtf-team-name\" >Esra Din\u00e7<\/h3>\n\t\t\t\t\t\t\t\t\t\t\t\t\t\t\t\t\t\t\t\t\t\t\t\t\t<p class=\"edgtf-team-position\" >Y\u00f6netici Asistan\u0131<\/p>\n\t\t\t\t\t\t\t\t\t\t\t\t\t\t\t\t\t\t\t\t\t\t\t\t\t<p class=\"edgtf-team-excerpt\" >Merhaba, ben Esra Din\u00e7. D\u0131\u015f ticaret mezunuyum. Dnd Mimarl\u0131k&#039;da y\u00f6netici asistan\u0131 olarak g\u00f6rev yapmaktay\u0131m.<\/p>\n\t\t\t\t\t\t\t\t                                \t\t\t\t\t\t\t<\/div>\n\t\t\t\t\t\t<\/div>\n\t\t\t\t\t<\/div>\t\n\t\t\t\t\t\t\t<\/div>\n\t\t\t<\/div>\n<\/div>[\/vc_column][\/vc_row]<\/p>\n","protected":false},"excerpt":{"rendered":"<p>[vc_row content_text_aligment=&#8221;&#8221; use_row_as_full_screen_section=&#8221;no&#8221; css=&#8221;.vc_custom_1573121134379{padding-top: 100px !important;}&#8221;][vc_column][vc_single_image image=&#8221;95519&#8243; img_size=&#8221;full&#8221; style=&#8221;vc_box_shadow_3d&#8221;][\/vc_column][\/vc_row][vc_row content_text_aligment=&#8221;&#8221; use_row_as_full_screen_section=&#8221;no&#8221; css=&#8221;.vc_custom_1573461415345{padding-top: 25px !important;}&#8221;][vc_column][vc_column_text] Biz Kimiz? [\/vc_column_text][\/vc_column][\/vc_row][vc_row content_text_aligment=&#8221;&#8221; use_row_as_full_screen_section=&#8221;no&#8221;][vc_column][vc_empty_space height=&#8221;25&#8243;][vc_column_text]DND Mimarl\u0131k Y. Mimar Derya Demirta\u015f ve Mimar Necati Demirta\u015f taraf\u0131ndan 2009 y\u0131l\u0131nda kurulmu\u015ftur. \u0130kili daha \u00f6ncesinde 1996-2009 y\u0131llar\u0131 aras\u0131nda Bursa-Balat Ergin Evler projesinin tasar\u0131m, projelendirme [&hellip;]<\/p>\n","protected":false},"author":1,"featured_media":0,"parent":0,"menu_order":0,"comment_status":"closed","ping_status":"closed","template":"","meta":{"footnotes":""},"class_list":["post-5469","page","type-page","status-publish","hentry"],"_links":{"self":[{"href":"https:\/\/www.dndmimarlik.com\/index.php\/wp-json\/wp\/v2\/pages\/5469","targetHints":{"allow":["GET"]}}],"collection":[{"href":"https:\/\/www.dndmimarlik.com\/index.php\/wp-json\/wp\/v2\/pages"}],"about":[{"href":"https:\/\/www.dndmimarlik.com\/index.php\/wp-json\/wp\/v2\/types\/page"}],"author":[{"embeddable":true,"href":"https:\/\/www.dndmimarlik.com\/index.php\/wp-json\/wp\/v2\/users\/1"}],"replies":[{"embeddable":true,"href":"https:\/\/www.dndmimarlik.com\/index.php\/wp-json\/wp\/v2\/comments?post=5469"}],"version-history":[{"count":2,"href":"https:\/\/www.dndmimarlik.com\/index.php\/wp-json\/wp\/v2\/pages\/5469\/revisions"}],"predecessor-version":[{"id":100983,"href":"https:\/\/www.dndmimarlik.com\/index.php\/wp-json\/wp\/v2\/pages\/5469\/revisions\/100983"}],"wp:attachment":[{"href":"https:\/\/www.dndmimarlik.com\/index.php\/wp-json\/wp\/v2\/media?parent=5469"}],"curies":[{"name":"wp","href":"https:\/\/api.w.org\/{rel}","templated":true}]}}